{"id":2968,"date":"2016-10-14T21:59:00","date_gmt":"2016-10-15T01:59:00","guid":{"rendered":"https:\/\/cotram.fr\/accueil-assainissement\/realisations-assainissement\/"},"modified":"2024-06-03T06:46:43","modified_gmt":"2024-06-03T04:46:43","slug":"realisations-assainissement","status":"publish","type":"page","link":"https:\/\/cotram.fr\/en\/accueil-assainissement\/realisations-assainissement\/","title":{"rendered":"Sanitation Achievements"},"content":{"rendered":"<div class=\"wpb-content-wrapper\"><p>[vc_row disable_element=&#8221;yes&#8221;][vc_column]<div class=\"projects\"><ul class='filter'><li><button data-filter=\"*\" class=\"selected\">All projects<\/button><\/li><\/ul><div class='row projects-content'><div class='projects-item sanitation col-md-4 col-xs-6'><div class='projects-item-wrap'><img loading=\"lazy\" decoding=\"async\" width=\"359\" height=\"283\" src=\"https:\/\/cotram.fr\/wp-content\/uploads\/2023\/01\/Stations-Saint-Jacques-02-359x283.jpg\" class=\"attachment-anps-portfolio size-anps-portfolio wp-post-image\" alt=\"\" \/><div class=\"project-hover\"><h3 class='project-title text-uppercase'>Wastewater Treatment Plants at the Hippodrome de Saint-Jacques<\/h3><p class='project-desc'>COTRAM Assainissement has completed the St Jacques Treatment Wetlands (2 French systems) for equine and domestic wastewater. They are located in Guadeloupe at the Hippodrome de Saint-Jacques (Anse-Bertrand). Designed and sized by our partner ECOBIRD, the sanitation systems chosen for &hellip;<\/p><a class='btn btn-md' href='https:\/\/cotram.fr\/en\/portfolio\/stations-depuration-de-lhippodrome-de-saint-jacques\/'>Read more<\/a><\/div><a class='project-mobile-hover' href='https:\/\/cotram.fr\/en\/portfolio\/stations-depuration-de-lhippodrome-de-saint-jacques\/'><div class='project-mobile-title'>Wastewater Treatment Plants at the Hippodrome de Saint-Jacques<\/div><\/a><\/div><\/div><div class='projects-item sanitation col-md-4 col-xs-6'><div class='projects-item-wrap'><img loading=\"lazy\" decoding=\"async\" width=\"359\" height=\"283\" src=\"https:\/\/cotram.fr\/wp-content\/uploads\/2023\/02\/DJI_0605-359x283.jpeg\" class=\"attachment-anps-portfolio size-anps-portfolio wp-post-image\" alt=\"\" \/><div class=\"project-hover\"><h3 class='project-title text-uppercase'>MAUPEOU Economic Activity Zone Wastewater Treatment Plant \u2013 800 Equivalent Person (PE)<\/h3><p class='project-desc'>COTRAM Assainissement has completed a Planted Vegetation Filter (Filtre Plant\u00e9 de V\u00e9g\u00e9taux in French) type wastewater treatment plant with a capacity of 800 Equivalent Person (PE). It is located in the Maupeou Economic Activity Zone in Rivi\u00e8re-Sal\u00e9e, Martinique. The chosen &hellip;<\/p><a class='btn btn-md' href='https:\/\/cotram.fr\/en\/portfolio\/step-zone-dactivite-economique-maupeou-800-eh\/'>Read more<\/a><\/div><a class='project-mobile-hover' href='https:\/\/cotram.fr\/en\/portfolio\/step-zone-dactivite-economique-maupeou-800-eh\/'><div class='project-mobile-title'>MAUPEOU Economic Activity Zone Wastewater Treatment Plant \u2013 800 Equivalent Person (PE)<\/div><\/a><\/div><\/div><div class='projects-item sanitation col-md-4 col-xs-6'><div class='projects-item-wrap'><img loading=\"lazy\" decoding=\"async\" width=\"359\" height=\"283\" src=\"https:\/\/cotram.fr\/wp-content\/uploads\/2022\/05\/PHOTO-PRINCIPALE-Petite-Saline-359x283.jpg\" class=\"attachment-anps-portfolio size-anps-portfolio wp-post-image\" alt=\"\" \/><div class=\"project-hover\"><h3 class='project-title text-uppercase'>PETITE OASIS<\/h3><p class='project-desc'>Town: Petite Saline (Saint-Barth\u00e9lemy) Project: Installation of a planted vegetation filter with a capacity of 120 Equivalent Person (PE) for internal housing.<\/p><a class='btn btn-md' href='https:\/\/cotram.fr\/en\/portfolio\/petite-oasis\/'>Read more<\/a><\/div><a class='project-mobile-hover' href='https:\/\/cotram.fr\/en\/portfolio\/petite-oasis\/'><div class='project-mobile-title'>PETITE OASIS<\/div><\/a><\/div><\/div><div class='projects-item sanitation col-md-4 col-xs-6'><div class='projects-item-wrap'><img loading=\"lazy\" decoding=\"async\" width=\"359\" height=\"283\" src=\"https:\/\/cotram.fr\/wp-content\/uploads\/2022\/05\/PHOTO-PRINCIPALE-359x283.jpg\" class=\"attachment-anps-portfolio size-anps-portfolio wp-post-image\" alt=\"\" \/><div class=\"project-hover\"><h3 class='project-title text-uppercase'>MAILLARD PLANTED FILTER<\/h3><p class='project-desc'>Town: Macouria Project: Construction and installation of a planted vegetation filter with a capacity of 1900 Equivalent Person (PE).<\/p><a class='btn btn-md' href='https:\/\/cotram.fr\/en\/portfolio\/filtre-plante-de-maillard\/'>Read more<\/a><\/div><a class='project-mobile-hover' href='https:\/\/cotram.fr\/en\/portfolio\/filtre-plante-de-maillard\/'><div class='project-mobile-title'>MAILLARD PLANTED FILTER<\/div><\/a><\/div><\/div><div class='projects-item sanitation col-md-4 col-xs-6'><div class='projects-item-wrap'><img loading=\"lazy\" decoding=\"async\" width=\"359\" height=\"283\" src=\"https:\/\/cotram.fr\/wp-content\/uploads\/2022\/05\/la-mauny-359x283.jpg\" class=\"attachment-anps-portfolio size-anps-portfolio wp-post-image\" alt=\"\" \/><div class=\"project-hover\"><h3 class='project-title text-uppercase'>La Mauny Distillery<\/h3><p class='project-desc'>Town: Rivi\u00e8re Pilote Project: COTRAM has completed a secondary aeration basin following the pretreatment of vinasses using slow turbines, enhancing purification efficiency and cost-effectiveness.<\/p><a class='btn btn-md' href='https:\/\/cotram.fr\/en\/portfolio\/distillerie-la-mauny\/'>Read more<\/a><\/div><a class='project-mobile-hover' href='https:\/\/cotram.fr\/en\/portfolio\/distillerie-la-mauny\/'><div class='project-mobile-title'>La Mauny Distillery<\/div><\/a><\/div><\/div><div class='projects-item sanitation col-md-4 col-xs-6'><div class='projects-item-wrap'><img loading=\"lazy\" decoding=\"async\" width=\"359\" height=\"283\" src=\"https:\/\/cotram.fr\/wp-content\/uploads\/2019\/08\/unnamed-1-359x283.jpg\" class=\"attachment-anps-portfolio size-anps-portfolio wp-post-image\" alt=\"\" \/><div class=\"project-hover\"><h3 class='project-title text-uppercase'>Wastewater Treatment Plant with RBC<\/h3><p class='project-desc'>Town: Sainte-Anne Project: Installation of a wastewater treatment plant (WWTP) with a capacity of 198 Equivalent Person (PE) using RBC. This system is an aerobic biological treatment system with semi-immersed fixed-film culture.<\/p><a class='btn btn-md' href='https:\/\/cotram.fr\/en\/portfolio\/step-en-biodisques\/'>Read more<\/a><\/div><a class='project-mobile-hover' href='https:\/\/cotram.fr\/en\/portfolio\/step-en-biodisques\/'><div class='project-mobile-title'>Wastewater Treatment Plant with RBC<\/div><\/a><\/div><\/div><div class='projects-item sanitation col-md-4 col-xs-6'><div class='projects-item-wrap'><img loading=\"lazy\" decoding=\"async\" width=\"359\" height=\"283\" src=\"https:\/\/cotram.fr\/wp-content\/uploads\/2019\/08\/Photo-Principale-359x283.jpg\" class=\"attachment-anps-portfolio size-anps-portfolio wp-post-image\" alt=\"\" \/><div class=\"project-hover\"><h3 class='project-title text-uppercase'>Charmeuse Ravine<\/h3><p class='project-desc'>Town: Fort-de-France Project: Installation of a planted vegetation filter with a capacity of 470 Equivalent Person (PE).<\/p><a class='btn btn-md' href='https:\/\/cotram.fr\/en\/portfolio\/ravine-charmeuse\/'>Read more<\/a><\/div><a class='project-mobile-hover' href='https:\/\/cotram.fr\/en\/portfolio\/ravine-charmeuse\/'><div class='project-mobile-title'>Charmeuse Ravine<\/div><\/a><\/div><\/div><div class='projects-item sanitation col-md-4 col-xs-6'><div class='projects-item-wrap'><img loading=\"lazy\" decoding=\"async\" width=\"359\" height=\"283\" src=\"https:\/\/cotram.fr\/wp-content\/uploads\/2019\/08\/Photo-principale-2-359x283.jpg\" class=\"attachment-anps-portfolio size-anps-portfolio wp-post-image\" alt=\"\" \/><div class=\"project-hover\"><h3 class='project-title text-uppercase'>Jolafo<\/h3><p class='project-desc'>Town: Fort-de-France Project: Installation of a planted vegetation filter for the &#8220;Bord de l&#8217;\u00c9tang&#8221; residence with a capacity of 544 Equivalent Person (PE).<\/p><a class='btn btn-md' href='https:\/\/cotram.fr\/en\/portfolio\/jolafo\/'>Read more<\/a><\/div><a class='project-mobile-hover' href='https:\/\/cotram.fr\/en\/portfolio\/jolafo\/'><div class='project-mobile-title'>Jolafo<\/div><\/a><\/div><\/div><div class='projects-item sanitation col-md-4 col-xs-6'><div class='projects-item-wrap'><img loading=\"lazy\" decoding=\"async\" width=\"359\" height=\"283\" src=\"https:\/\/cotram.fr\/wp-content\/uploads\/2019\/08\/Photo-principale-1-359x283.jpg\" class=\"attachment-anps-portfolio size-anps-portfolio wp-post-image\" alt=\"\" \/><div class=\"project-hover\"><h3 class='project-title text-uppercase'>JM Sludge Clarifying Drying Reed beds<\/h3><p class='project-desc'>Town: Macouba Project: Installation of a planted filter for the treatment of effluents and excess sludge.<\/p><a class='btn btn-md' href='https:\/\/cotram.fr\/en\/portfolio\/filtre-plante-de-jm\/'>Read more<\/a><\/div><a class='project-mobile-hover' href='https:\/\/cotram.fr\/en\/portfolio\/filtre-plante-de-jm\/'><div class='project-mobile-title'>JM Sludge Clarifying Drying Reed beds<\/div><\/a><\/div><\/div><\/div><\/div>[\/vc_column][\/vc_row][vc_row el_id=&#8221;blue&#8221;][vc_column][vc_basic_grid post_type=&#8221;portfolio&#8221; max_items=&#8221;10&#8243; show_filter=&#8221;yes&#8221; filter_default_title=&#8221;All Projects&#8221; filter_align=&#8221;left&#8221; filter_size=&#8221;lg&#8221; item=&#8221;3039&#8243; grid_id=&#8221;vc_gid:1717389982109-1efb39c1-ac2c-2&#8243; taxonomies=&#8221;32&#8243; filter_source=&#8221;portfolio_category&#8221; el_class=&#8221;custom-grid&#8221;][\/vc_column][\/vc_row]<\/p>\n<\/div>","protected":false},"excerpt":{"rendered":"<p>[vc_row disable_element=&#8221;yes&#8221;][vc_column][\/vc_column][\/vc_row][vc_row el_id=&#8221;blue&#8221;][vc_column][vc_basic_grid post_type=&#8221;portfolio&#8221; max_items=&#8221;10&#8243; show_filter=&#8221;yes&#8221; filter_default_title=&#8221;All Projects&#8221; filter_align=&#8221;left&#8221; filter_size=&#8221;lg&#8221; item=&#8221;3039&#8243; grid_id=&#8221;vc_gid:1717389982109-1efb39c1-ac2c-2&#8243; taxonomies=&#8221;32&#8243; filter_source=&#8221;portfolio_category&#8221; el_class=&#8221;custom-grid&#8221;][\/vc_column][\/vc_row]<\/p>\n","protected":false},"author":1,"featured_media":0,"parent":2940,"menu_order":0,"comment_status":"closed","ping_status":"closed","template":"","meta":{"footnotes":""},"class_list":["post-2968","page","type-page","status-publish","hentry"],"_links":{"self":[{"href":"https:\/\/cotram.fr\/en\/wp-json\/wp\/v2\/pages\/2968","targetHints":{"allow":["GET"]}}],"collection":[{"href":"https:\/\/cotram.fr\/en\/wp-json\/wp\/v2\/pages"}],"about":[{"href":"https:\/\/cotram.fr\/en\/wp-json\/wp\/v2\/types\/page"}],"author":[{"embeddable":true,"href":"https:\/\/cotram.fr\/en\/wp-json\/wp\/v2\/users\/1"}],"replies":[{"embeddable":true,"href":"https:\/\/cotram.fr\/en\/wp-json\/wp\/v2\/comments?post=2968"}],"version-history":[{"count":5,"href":"https:\/\/cotram.fr\/en\/wp-json\/wp\/v2\/pages\/2968\/revisions"}],"predecessor-version":[{"id":3040,"href":"https:\/\/cotram.fr\/en\/wp-json\/wp\/v2\/pages\/2968\/revisions\/3040"}],"up":[{"embeddable":true,"href":"https:\/\/cotram.fr\/en\/wp-json\/wp\/v2\/pages\/2940"}],"wp:attachment":[{"href":"https:\/\/cotram.fr\/en\/wp-json\/wp\/v2\/media?parent=2968"}],"curies":[{"name":"wp","href":"https:\/\/api.w.org\/{rel}","templated":true}]}}