{"id":2972,"date":"2016-10-14T21:56:25","date_gmt":"2016-10-14T19:56:25","guid":{"rendered":"https:\/\/cotram.fr\/accueil-btp\/actualites-2\/"},"modified":"2016-10-14T21:56:25","modified_gmt":"2016-10-14T19:56:25","slug":"actualites-2","status":"publish","type":"page","link":"https:\/\/cotram.fr\/en\/accueil-btp\/actualites-2\/","title":{"rendered":"Actualit\u00e9s"},"content":{"rendered":"<div class=\"wpb-content-wrapper\"><p>[vc_row][vc_column]<div class='row anps-blog'><div class=\"col-md-12\">\n    <article id=\"post-2945\" class=\"post-2945 post type-post status-publish format-standard has-post-thumbnail hentry category-actubtp-en\">\n        <header>\n            <img loading=\"lazy\" decoding=\"async\" width=\"500\" height=\"500\" src=\"https:\/\/cotram.fr\/wp-content\/uploads\/2023\/09\/cotram-news-cover-02.jpg\" class=\"attachment-large size-large wp-post-image\" alt=\"\" \/>            <a href=\"https:\/\/cotram.fr\/en\/realisation-de-deux-chais-de-vieillissement-de-rhum\/\"><h3 class=\"post-title text-uppercase\">R\u00e9alisation de deux chais de vieillissement de rhum<\/h3><\/a>\n\n                <p class=\"entry-date\">\n                    Publi\u00e9 le\n                    <time datetime=\"2023-09-12T20:02:31-04:00\">\n                        12 September 2023                    <\/time>\n                <\/p>\n\n                    <\/header>\n        <div class=\"post-content\">\n            <div class=\"post-desc clearfix\">\n                \n<p>D\u00e9couvrez le savoir-faire exceptionnel de Cotram BTP en action ! Visionnez notre vid\u00e9o montrant la r\u00e9alisation de deux chais de vieillissement de rhum, chacun s&#8217;\u00e9tendant sur 420 m2, au Marin. Une prouesse technique et architecturale \u00e0 ne pas manquer !<\/p>\n\n\n\n<figure class=\"wp-block-embed is-type-video is-provider-youtube wp-block-embed-youtube wp-embed-aspect-16-9 wp-has-aspect-ratio\"><div class=\"wp-block-embed__wrapper\">\n<iframe loading=\"lazy\" title=\"COTRAM BTP - Marin II\" width=\"980\" height=\"551\" src=\"https:\/\/www.youtube.com\/embed\/Cj-e96jW8Pc?feature=oembed\" frameborder=\"0\" allow=\"accelerometer; autoplay; clipboard-write; encrypted-media; gyroscope; picture-in-picture; web-share\" allowfullscreen><\/iframe>\n<\/div><\/figure>\n            <\/div>\n            <a href=\"https:\/\/cotram.fr\/en\/realisation-de-deux-chais-de-vieillissement-de-rhum\/\" class=\"btn btn-md btn-gradient btn-shadow\">Read More<\/a>\n        <\/div>\n    <\/article>\n<\/div>        \n\n<div class=\"col-md-12\">\n    <article id=\"post-2954\" class=\"post-2954 post type-post status-publish format-standard has-post-thumbnail hentry category-actubtp-en\">\n        <header>\n            <img loading=\"lazy\" decoding=\"async\" width=\"980\" height=\"548\" src=\"https:\/\/cotram.fr\/wp-content\/uploads\/2016\/12\/Capture-d\u2019e\u0301cran-2016-12-09-a\u0300-15.49.21-1024x573.jpg\" class=\"attachment-large size-large wp-post-image\" alt=\"\" \/>            <a href=\"https:\/\/cotram.fr\/en\/la-distillerie-jm-sagrandit\/\"><h3 class=\"post-title text-uppercase\">La distillerie JM s&#8217;agrandit&#8230;<\/h3><\/a>\n\n                <p class=\"entry-date\">\n                    Publi\u00e9 le\n                    <time datetime=\"2016-12-09T20:51:37-04:00\">\n                        9 December 2016                    <\/time>\n                <\/p>\n\n                    <\/header>\n        <div class=\"post-content\">\n            <div class=\"post-desc clearfix\">\n                <p>La soci\u00e9t\u00e9 Cotram BTP a \u00e9t\u00e9 mandat\u00e9 par la distillerie JM pour agrandir son espace de stockage.<\/p>\n<p><a class=\"btn btn-danger\" href=\"https:\/\/cotram.fr\/wp-content\/uploads\/2016\/12\/COTRAM-BTP-E-news-distillerie-JM-1216-1.pdf\" target=\"_blank\" type=\"button\">Consulter notre newsletter<\/a><\/p>\n            <\/div>\n            <a href=\"https:\/\/cotram.fr\/en\/la-distillerie-jm-sagrandit\/\" class=\"btn btn-md btn-gradient btn-shadow\">Read More<\/a>\n        <\/div>\n    <\/article>\n<\/div>        \n\n<div class=\"col-md-12\">\n    <article id=\"post-2956\" class=\"post-2956 post type-post status-publish format-standard has-post-thumbnail hentry category-actubtp-en\">\n        <header>\n            <img loading=\"lazy\" decoding=\"async\" width=\"800\" height=\"495\" src=\"https:\/\/cotram.fr\/wp-content\/uploads\/2016\/08\/MG_0633r.jpg\" class=\"attachment-large size-large wp-post-image\" alt=\"\" \/>            <a href=\"https:\/\/cotram.fr\/en\/ehpad-du-francois\/\"><h3 class=\"post-title text-uppercase\">EHPAD du Francois<\/h3><\/a>\n\n                <p class=\"entry-date\">\n                    Publi\u00e9 le\n                    <time datetime=\"2016-10-18T15:29:55-04:00\">\n                        18 October 2016                    <\/time>\n                <\/p>\n\n                    <\/header>\n        <div class=\"post-content\">\n            <div class=\"post-desc clearfix\">\n                <p>En \u00e9troite collaboration avec ETIC, nous avons modifi\u00e9 les supports des amortisseurs. Cette solution fait l\u2019unanimit\u00e9 des Bureaux d&#8217;Etude et Bureaux de contr\u00f4le&#8230; <a href=\"https:\/\/cotram.fr\/en\/ehpad-du-francois\/#more-2956\" class=\"more-link\"><span aria-label=\"Continue reading EHPAD du Francois\">(more&hellip;)<\/span><\/a><\/p>\n            <\/div>\n            <a href=\"https:\/\/cotram.fr\/en\/ehpad-du-francois\/\" class=\"btn btn-md btn-gradient btn-shadow\">Read More<\/a>\n        <\/div>\n    <\/article>\n<\/div>        \n\n<div class=\"col-md-12\">\n    <article id=\"post-2958\" class=\"post-2958 post type-post status-publish format-standard has-post-thumbnail hentry category-actubtp-en\">\n        <header>\n            <img loading=\"lazy\" decoding=\"async\" width=\"800\" height=\"533\" src=\"https:\/\/cotram.fr\/wp-content\/uploads\/2016\/08\/MG_3640.jpg\" class=\"attachment-large size-large wp-post-image\" alt=\"\" \/>            <a href=\"https:\/\/cotram.fr\/en\/mr-bricolage-et-decathlon-972\/\"><h3 class=\"post-title text-uppercase\">Mr Bricolage et D\u00e9cathlon (972)<\/h3><\/a>\n\n                <p class=\"entry-date\">\n                    Publi\u00e9 le\n                    <time datetime=\"2016-10-18T15:04:30-04:00\">\n                        18 October 2016                    <\/time>\n                <\/p>\n\n                    <\/header>\n        <div class=\"post-content\">\n            <div class=\"post-desc clearfix\">\n                <p>R\u00e9alis\u00e9 en partie par Cotram BTP, Mr Bricolage et D\u00e9cathlon s&#8217;annoncent d\u00e9j\u00e0 comme deux lieux de rendez-vous incontournables \u00e0 la Martinique&#8230;<br \/>\n <a href=\"https:\/\/cotram.fr\/en\/mr-bricolage-et-decathlon-972\/#more-2958\" class=\"more-link\"><span aria-label=\"Continue reading Mr Bricolage et D\u00e9cathlon (972)\">(more&hellip;)<\/span><\/a><\/p>\n            <\/div>\n            <a href=\"https:\/\/cotram.fr\/en\/mr-bricolage-et-decathlon-972\/\" class=\"btn btn-md btn-gradient btn-shadow\">Read More<\/a>\n        <\/div>\n    <\/article>\n<\/div>        \n\n<\/div>[\/vc_column][\/vc_row]<\/p>\n<\/div>","protected":false},"excerpt":{"rendered":"<p>[vc_row][vc_column][\/vc_column][\/vc_row]<\/p>\n","protected":false},"author":1,"featured_media":0,"parent":2944,"menu_order":0,"comment_status":"closed","ping_status":"closed","template":"","meta":{"footnotes":""},"class_list":["post-2972","page","type-page","status-publish","hentry"],"_links":{"self":[{"href":"https:\/\/cotram.fr\/en\/wp-json\/wp\/v2\/pages\/2972","targetHints":{"allow":["GET"]}}],"collection":[{"href":"https:\/\/cotram.fr\/en\/wp-json\/wp\/v2\/pages"}],"about":[{"href":"https:\/\/cotram.fr\/en\/wp-json\/wp\/v2\/types\/page"}],"author":[{"embeddable":true,"href":"https:\/\/cotram.fr\/en\/wp-json\/wp\/v2\/users\/1"}],"replies":[{"embeddable":true,"href":"https:\/\/cotram.fr\/en\/wp-json\/wp\/v2\/comments?post=2972"}],"version-history":[{"count":0,"href":"https:\/\/cotram.fr\/en\/wp-json\/wp\/v2\/pages\/2972\/revisions"}],"up":[{"embeddable":true,"href":"https:\/\/cotram.fr\/en\/wp-json\/wp\/v2\/pages\/2944"}],"wp:attachment":[{"href":"https:\/\/cotram.fr\/en\/wp-json\/wp\/v2\/media?parent=2972"}],"curies":[{"name":"wp","href":"https:\/\/api.w.org\/{rel}","templated":true}]}}