{"id":2975,"date":"2016-08-31T16:04:18","date_gmt":"2016-08-31T14:04:18","guid":{"rendered":"https:\/\/cotram.fr\/accueil-btp\/qui-sommes-nous\/"},"modified":"2016-08-31T16:04:18","modified_gmt":"2016-08-31T14:04:18","slug":"qui-sommes-nous","status":"publish","type":"page","link":"https:\/\/cotram.fr\/en\/accueil-btp\/qui-sommes-nous\/","title":{"rendered":"Qui sommes nous ?"},"content":{"rendered":"<div class=\"wpb-content-wrapper\"><p>[vc_row][vc_column width=&#8221;1\/2&#8243;][vc_column_text]<\/p>\n<div id=\"index_desc\" class=\"colonne\">\n<p>Filiale du groupe <a href=\"http:\/\/www.caiali.fr\/\" target=\"_blank\" rel=\"noopener\">CAIALI<\/a>, COTRAM BTP applique depuis 1993, avec la m\u00eame rigueur et professionnalisme ses projets de B\u00e2timent et G\u00e9nie Civil aupr\u00e8s des donneurs d&#8217;ordre priv\u00e9s et des institutions locales. Elle demeure une r\u00e9f\u00e9rence de qualit\u00e9 et de s\u00e9rieux aupr\u00e8s des professionnels du secteur.<\/p>\n<\/div>\n<p>[\/vc_column_text][\/vc_column][vc_column width=&#8221;1\/2&#8243;][vc_single_image image=&#8221;2267&#8243; img_size=&#8221;large&#8221;][\/vc_column][\/vc_row]<\/p>\n<\/div>","protected":false},"excerpt":{"rendered":"<p>[vc_row][vc_column width=&#8221;1\/2&#8243;][vc_column_text] Filiale du groupe CAIALI, COTRAM BTP applique depuis 1993, avec la m\u00eame rigueur et professionnalisme ses projets de B\u00e2timent et G\u00e9nie Civil aupr\u00e8s des donneurs d&#8217;ordre priv\u00e9s et des institutions locales. Elle demeure une r\u00e9f\u00e9rence de qualit\u00e9 et &hellip;<\/p>\n","protected":false},"author":1,"featured_media":0,"parent":2944,"menu_order":0,"comment_status":"closed","ping_status":"closed","template":"","meta":{"footnotes":""},"class_list":["post-2975","page","type-page","status-publish","hentry"],"_links":{"self":[{"href":"https:\/\/cotram.fr\/en\/wp-json\/wp\/v2\/pages\/2975","targetHints":{"allow":["GET"]}}],"collection":[{"href":"https:\/\/cotram.fr\/en\/wp-json\/wp\/v2\/pages"}],"about":[{"href":"https:\/\/cotram.fr\/en\/wp-json\/wp\/v2\/types\/page"}],"author":[{"embeddable":true,"href":"https:\/\/cotram.fr\/en\/wp-json\/wp\/v2\/users\/1"}],"replies":[{"embeddable":true,"href":"https:\/\/cotram.fr\/en\/wp-json\/wp\/v2\/comments?post=2975"}],"version-history":[{"count":0,"href":"https:\/\/cotram.fr\/en\/wp-json\/wp\/v2\/pages\/2975\/revisions"}],"up":[{"embeddable":true,"href":"https:\/\/cotram.fr\/en\/wp-json\/wp\/v2\/pages\/2944"}],"wp:attachment":[{"href":"https:\/\/cotram.fr\/en\/wp-json\/wp\/v2\/media?parent=2975"}],"curies":[{"name":"wp","href":"https:\/\/api.w.org\/{rel}","templated":true}]}}