{"id":2976,"date":"2016-08-31T16:04:02","date_gmt":"2016-08-31T14:04:02","guid":{"rendered":"https:\/\/cotram.fr\/accueil-btp\/realisations-btp\/"},"modified":"2016-08-31T16:04:02","modified_gmt":"2016-08-31T14:04:02","slug":"realisations-btp","status":"publish","type":"page","link":"https:\/\/cotram.fr\/en\/accueil-btp\/realisations-btp\/","title":{"rendered":"R\u00e9alisations BTP"},"content":{"rendered":"<div class=\"wpb-content-wrapper\"><p>[vc_row disable_element=&#8221;yes&#8221;][vc_column]<div class=\"projects\"><ul class='filter'><li><button data-filter=\"*\" class=\"selected\">All projects<\/button><\/li><li><button data-filter=\"sanitation\">Sanitation<\/button><\/li><li><button data-filter=\"industrial-building\">Industrial Building<\/button><\/li><li><button data-filter=\"public-building\">Public Building<\/button><\/li><\/ul><div class='row projects-content'><div class='projects-item  col-md-4 col-xs-6'><div class='projects-item-wrap'><img loading=\"lazy\" decoding=\"async\" width=\"359\" height=\"283\" src=\"https:\/\/cotram.fr\/wp-content\/uploads\/2023\/09\/filtre-plante-de-vegetaux-de-900-eh-residence-de-la-chapelle-martinique-1-359x283.jpg\" class=\"attachment-anps-portfolio size-anps-portfolio wp-post-image\" alt=\"\" \/><div class=\"project-hover\"><h3 class='project-title text-uppercase'>Rizosph&#8217;air in Saint-Joseph, Martinique<\/h3><p class='project-desc'>COTRAM Assainissement has completed a Treatment Wetland (Filtre Plant\u00e9 de V\u00e9g\u00e9taux) of 900 Equivalent Person (PE) at the Chapelle residence in Martinique. This implements the Rhizosph\u2019air\u00ae process, a French Treatment Wetland with forced aeration treating in a single stage raw &hellip;<\/p><a class='btn btn-md' href='https:\/\/cotram.fr\/en\/portfolio\/rizosphair-de-saint-joseph-en-martinique\/'>Read more<\/a><\/div><a class='project-mobile-hover' href='https:\/\/cotram.fr\/en\/portfolio\/rizosphair-de-saint-joseph-en-martinique\/'><div class='project-mobile-title'>Rizosph&#8217;air in Saint-Joseph, Martinique<\/div><\/a><\/div><\/div><div class='projects-item sanitation col-md-4 col-xs-6'><div class='projects-item-wrap'><img loading=\"lazy\" decoding=\"async\" width=\"359\" height=\"283\" src=\"https:\/\/cotram.fr\/wp-content\/uploads\/2023\/01\/Stations-Saint-Jacques-02-359x283.jpg\" class=\"attachment-anps-portfolio size-anps-portfolio wp-post-image\" alt=\"\" \/><div class=\"project-hover\"><h3 class='project-title text-uppercase'>Wastewater Treatment Plants at the Hippodrome de Saint-Jacques<\/h3><p class='project-desc'>COTRAM Assainissement has completed the St Jacques Treatment Wetlands (2 French systems) for equine and domestic wastewater. They are located in Guadeloupe at the Hippodrome de Saint-Jacques (Anse-Bertrand). Designed and sized by our partner ECOBIRD, the sanitation systems chosen for &hellip;<\/p><a class='btn btn-md' href='https:\/\/cotram.fr\/en\/portfolio\/stations-depuration-de-lhippodrome-de-saint-jacques\/'>Read more<\/a><\/div><a class='project-mobile-hover' href='https:\/\/cotram.fr\/en\/portfolio\/stations-depuration-de-lhippodrome-de-saint-jacques\/'><div class='project-mobile-title'>Wastewater Treatment Plants at the Hippodrome de Saint-Jacques<\/div><\/a><\/div><\/div><div class='projects-item sanitation col-md-4 col-xs-6'><div class='projects-item-wrap'><img loading=\"lazy\" decoding=\"async\" width=\"359\" height=\"283\" src=\"https:\/\/cotram.fr\/wp-content\/uploads\/2023\/02\/DJI_0605-359x283.jpeg\" class=\"attachment-anps-portfolio size-anps-portfolio wp-post-image\" alt=\"\" \/><div class=\"project-hover\"><h3 class='project-title text-uppercase'>MAUPEOU Economic Activity Zone Wastewater Treatment Plant \u2013 800 Equivalent Person (PE)<\/h3><p class='project-desc'>COTRAM Assainissement has completed a Planted Vegetation Filter (Filtre Plant\u00e9 de V\u00e9g\u00e9taux in French) type wastewater treatment plant with a capacity of 800 Equivalent Person (PE). It is located in the Maupeou Economic Activity Zone in Rivi\u00e8re-Sal\u00e9e, Martinique. The chosen &hellip;<\/p><a class='btn btn-md' href='https:\/\/cotram.fr\/en\/portfolio\/step-zone-dactivite-economique-maupeou-800-eh\/'>Read more<\/a><\/div><a class='project-mobile-hover' href='https:\/\/cotram.fr\/en\/portfolio\/step-zone-dactivite-economique-maupeou-800-eh\/'><div class='project-mobile-title'>MAUPEOU Economic Activity Zone Wastewater Treatment Plant \u2013 800 Equivalent Person (PE)<\/div><\/a><\/div><\/div><div class='projects-item sanitation col-md-4 col-xs-6'><div class='projects-item-wrap'><img loading=\"lazy\" decoding=\"async\" width=\"359\" height=\"283\" src=\"https:\/\/cotram.fr\/wp-content\/uploads\/2022\/05\/PHOTO-PRINCIPALE-Petite-Saline-359x283.jpg\" class=\"attachment-anps-portfolio size-anps-portfolio wp-post-image\" alt=\"\" \/><div class=\"project-hover\"><h3 class='project-title text-uppercase'>PETITE OASIS<\/h3><p class='project-desc'>Town: Petite Saline (Saint-Barth\u00e9lemy) Project: Installation of a planted vegetation filter with a capacity of 120 Equivalent Person (PE) for internal housing.<\/p><a class='btn btn-md' href='https:\/\/cotram.fr\/en\/portfolio\/petite-oasis\/'>Read more<\/a><\/div><a class='project-mobile-hover' href='https:\/\/cotram.fr\/en\/portfolio\/petite-oasis\/'><div class='project-mobile-title'>PETITE OASIS<\/div><\/a><\/div><\/div><div class='projects-item sanitation col-md-4 col-xs-6'><div class='projects-item-wrap'><img loading=\"lazy\" decoding=\"async\" width=\"359\" height=\"283\" src=\"https:\/\/cotram.fr\/wp-content\/uploads\/2022\/05\/PHOTO-PRINCIPALE-359x283.jpg\" class=\"attachment-anps-portfolio size-anps-portfolio wp-post-image\" alt=\"\" \/><div class=\"project-hover\"><h3 class='project-title text-uppercase'>MAILLARD PLANTED FILTER<\/h3><p class='project-desc'>Town: Macouria Project: Construction and installation of a planted vegetation filter with a capacity of 1900 Equivalent Person (PE).<\/p><a class='btn btn-md' href='https:\/\/cotram.fr\/en\/portfolio\/filtre-plante-de-maillard\/'>Read more<\/a><\/div><a class='project-mobile-hover' href='https:\/\/cotram.fr\/en\/portfolio\/filtre-plante-de-maillard\/'><div class='project-mobile-title'>MAILLARD PLANTED FILTER<\/div><\/a><\/div><\/div><div class='projects-item industrial-building col-md-4 col-xs-6'><div class='projects-item-wrap'><img loading=\"lazy\" decoding=\"async\" width=\"359\" height=\"283\" src=\"https:\/\/cotram.fr\/wp-content\/uploads\/2022\/05\/btp-marin-359x283.jpg\" class=\"attachment-anps-portfolio size-anps-portfolio wp-post-image\" alt=\"\" \/><div class=\"project-hover\"><h3 class='project-title text-uppercase'>CHAIS DU MARIN<\/h3><p class='project-desc'>Commune : MARIN Chantier : R\u00e9alisation de 2 chais de vieillissement de rhum de 420m2 chacun.<\/p><a class='btn btn-md' href='https:\/\/cotram.fr\/en\/portfolio\/chais-du-marin\/'>Read more<\/a><\/div><a class='project-mobile-hover' href='https:\/\/cotram.fr\/en\/portfolio\/chais-du-marin\/'><div class='project-mobile-title'>CHAIS DU MARIN<\/div><\/a><\/div><\/div><div class='projects-item sanitation col-md-4 col-xs-6'><div class='projects-item-wrap'><img loading=\"lazy\" decoding=\"async\" width=\"359\" height=\"283\" src=\"https:\/\/cotram.fr\/wp-content\/uploads\/2022\/05\/la-mauny-359x283.jpg\" class=\"attachment-anps-portfolio size-anps-portfolio wp-post-image\" alt=\"\" \/><div class=\"project-hover\"><h3 class='project-title text-uppercase'>La Mauny Distillery<\/h3><p class='project-desc'>Town: Rivi\u00e8re Pilote Project: COTRAM has completed a secondary aeration basin following the pretreatment of vinasses using slow turbines, enhancing purification efficiency and cost-effectiveness.<\/p><a class='btn btn-md' href='https:\/\/cotram.fr\/en\/portfolio\/distillerie-la-mauny\/'>Read more<\/a><\/div><a class='project-mobile-hover' href='https:\/\/cotram.fr\/en\/portfolio\/distillerie-la-mauny\/'><div class='project-mobile-title'>La Mauny Distillery<\/div><\/a><\/div><\/div><div class='projects-item sanitation col-md-4 col-xs-6'><div class='projects-item-wrap'><img loading=\"lazy\" decoding=\"async\" width=\"359\" height=\"283\" src=\"https:\/\/cotram.fr\/wp-content\/uploads\/2019\/08\/unnamed-1-359x283.jpg\" class=\"attachment-anps-portfolio size-anps-portfolio wp-post-image\" alt=\"\" \/><div class=\"project-hover\"><h3 class='project-title text-uppercase'>Wastewater Treatment Plant with RBC<\/h3><p class='project-desc'>Town: Sainte-Anne Project: Installation of a wastewater treatment plant (WWTP) with a capacity of 198 Equivalent Person (PE) using RBC. This system is an aerobic biological treatment system with semi-immersed fixed-film culture.<\/p><a class='btn btn-md' href='https:\/\/cotram.fr\/en\/portfolio\/step-en-biodisques\/'>Read more<\/a><\/div><a class='project-mobile-hover' href='https:\/\/cotram.fr\/en\/portfolio\/step-en-biodisques\/'><div class='project-mobile-title'>Wastewater Treatment Plant with RBC<\/div><\/a><\/div><\/div><div class='projects-item sanitation col-md-4 col-xs-6'><div class='projects-item-wrap'><img loading=\"lazy\" decoding=\"async\" width=\"359\" height=\"283\" src=\"https:\/\/cotram.fr\/wp-content\/uploads\/2019\/08\/Photo-Principale-359x283.jpg\" class=\"attachment-anps-portfolio size-anps-portfolio wp-post-image\" alt=\"\" \/><div class=\"project-hover\"><h3 class='project-title text-uppercase'>Charmeuse Ravine<\/h3><p class='project-desc'>Town: Fort-de-France Project: Installation of a planted vegetation filter with a capacity of 470 Equivalent Person (PE).<\/p><a class='btn btn-md' href='https:\/\/cotram.fr\/en\/portfolio\/ravine-charmeuse\/'>Read more<\/a><\/div><a class='project-mobile-hover' href='https:\/\/cotram.fr\/en\/portfolio\/ravine-charmeuse\/'><div class='project-mobile-title'>Charmeuse Ravine<\/div><\/a><\/div><\/div><div class='projects-item sanitation col-md-4 col-xs-6'><div class='projects-item-wrap'><img loading=\"lazy\" decoding=\"async\" width=\"359\" height=\"283\" src=\"https:\/\/cotram.fr\/wp-content\/uploads\/2019\/08\/Photo-principale-2-359x283.jpg\" class=\"attachment-anps-portfolio size-anps-portfolio wp-post-image\" alt=\"\" \/><div class=\"project-hover\"><h3 class='project-title text-uppercase'>Jolafo<\/h3><p class='project-desc'>Town: Fort-de-France Project: Installation of a planted vegetation filter for the &#8220;Bord de l&#8217;\u00c9tang&#8221; residence with a capacity of 544 Equivalent Person (PE).<\/p><a class='btn btn-md' href='https:\/\/cotram.fr\/en\/portfolio\/jolafo\/'>Read more<\/a><\/div><a class='project-mobile-hover' href='https:\/\/cotram.fr\/en\/portfolio\/jolafo\/'><div class='project-mobile-title'>Jolafo<\/div><\/a><\/div><\/div><div class='projects-item sanitation col-md-4 col-xs-6'><div class='projects-item-wrap'><img loading=\"lazy\" decoding=\"async\" width=\"359\" height=\"283\" src=\"https:\/\/cotram.fr\/wp-content\/uploads\/2019\/08\/Photo-principale-1-359x283.jpg\" class=\"attachment-anps-portfolio size-anps-portfolio wp-post-image\" alt=\"\" \/><div class=\"project-hover\"><h3 class='project-title text-uppercase'>JM Sludge Clarifying Drying Reed beds<\/h3><p class='project-desc'>Town: Macouba Project: Installation of a planted filter for the treatment of effluents and excess sludge.<\/p><a class='btn btn-md' href='https:\/\/cotram.fr\/en\/portfolio\/filtre-plante-de-jm\/'>Read more<\/a><\/div><a class='project-mobile-hover' href='https:\/\/cotram.fr\/en\/portfolio\/filtre-plante-de-jm\/'><div class='project-mobile-title'>JM Sludge Clarifying Drying Reed beds<\/div><\/a><\/div><\/div><div class='projects-item sanitation col-md-4 col-xs-6'><div class='projects-item-wrap'><img loading=\"lazy\" decoding=\"async\" width=\"359\" height=\"283\" src=\"https:\/\/cotram.fr\/wp-content\/uploads\/2019\/08\/Photo-principale-359x283.jpg\" class=\"attachment-anps-portfolio size-anps-portfolio wp-post-image\" alt=\"\" \/><div class=\"project-hover\"><h3 class='project-title text-uppercase'>Grand port maritime de Guadeloupe<\/h3><p class='project-desc'>Commune : Basse &#8211; terre Chantiers : Installation de 8 fili\u00e8res Ecoflo de 5 \u00e0 20 \u00e9quivalent habitant (EH) sur le site<\/p><a class='btn btn-md' href='https:\/\/cotram.fr\/en\/portfolio\/gmpg\/'>Read more<\/a><\/div><a class='project-mobile-hover' href='https:\/\/cotram.fr\/en\/portfolio\/gmpg\/'><div class='project-mobile-title'>Grand port maritime de Guadeloupe<\/div><\/a><\/div><\/div><div class='projects-item sanitation col-md-4 col-xs-6'><div class='projects-item-wrap'><img loading=\"lazy\" decoding=\"async\" width=\"359\" height=\"283\" src=\"https:\/\/cotram.fr\/wp-content\/uploads\/2019\/08\/IMG-20190808-WA0027-359x283.jpg\" class=\"attachment-anps-portfolio size-anps-portfolio wp-post-image\" alt=\"\" \/><div class=\"project-hover\"><h3 class='project-title text-uppercase'>PLIANE<\/h3><p class='project-desc'>Commune : Gosier Chantier : Installation d&#8217;une MBBR pour traiter une capacit\u00e9 total de 270 \u00e9quivalent habitant (EH)<\/p><a class='btn btn-md' href='https:\/\/cotram.fr\/en\/portfolio\/pliane\/'>Read more<\/a><\/div><a class='project-mobile-hover' href='https:\/\/cotram.fr\/en\/portfolio\/pliane\/'><div class='project-mobile-title'>PLIANE<\/div><\/a><\/div><\/div><div class='projects-item industrial-building col-md-4 col-xs-6'><div class='projects-item-wrap'><img loading=\"lazy\" decoding=\"async\" width=\"359\" height=\"283\" src=\"https:\/\/cotram.fr\/wp-content\/uploads\/2019\/08\/SNEMBG-Coca-cola-2-359x283.jpg\" class=\"attachment-anps-portfolio size-anps-portfolio wp-post-image\" alt=\"\" \/><div class=\"project-hover\"><h3 class='project-title text-uppercase'>SNEMBG<\/h3><p class='project-desc'>Commune : Lamentin Chantier : Cotram a r\u00e9alis\u00e9 les nouveaux bureaux de SNEMBG ainsi que toute la fa\u00e7ade c\u00f4t\u00e9 rue. Cette facade \u00e0 \u00e9t\u00e9 r\u00e9alis\u00e9e en pr\u00e9mur, les uns sur les autres, sur 3 niveaux.<\/p><a class='btn btn-md' href='https:\/\/cotram.fr\/en\/portfolio\/snembg\/'>Read more<\/a><\/div><a class='project-mobile-hover' href='https:\/\/cotram.fr\/en\/portfolio\/snembg\/'><div class='project-mobile-title'>SNEMBG<\/div><\/a><\/div><\/div><div class='projects-item public-building col-md-4 col-xs-6'><div class='projects-item-wrap'><img loading=\"lazy\" decoding=\"async\" width=\"359\" height=\"283\" src=\"https:\/\/cotram.fr\/wp-content\/uploads\/2019\/08\/Observatoire-1-359x283.jpg\" class=\"attachment-anps-portfolio size-anps-portfolio wp-post-image\" alt=\"\" \/><div class=\"project-hover\"><h3 class='project-title text-uppercase'>Observatoire Volcanologique et Sismologique de Martinique<\/h3><p class='project-desc'>Commune : St Pierre Chantier : R\u00e9alisation des fondations de type radier g\u00e9n\u00e9rale. L&#8217;observatoire a \u00e9t\u00e9 con\u00e7u en structure mixte. Cotram BTP a r\u00e9alis\u00e9 cette structure sp\u00e9cifique : Fondation (radier) &amp; Structure b\u00e9ton &amp; m\u00e9tallique.<\/p><a class='btn btn-md' href='https:\/\/cotram.fr\/en\/portfolio\/observatoire-volcanologique-et-sismologique-de-martinique\/'>Read more<\/a><\/div><a class='project-mobile-hover' href='https:\/\/cotram.fr\/en\/portfolio\/observatoire-volcanologique-et-sismologique-de-martinique\/'><div class='project-mobile-title'>Observatoire Volcanologique et Sismologique de Martinique<\/div><\/a><\/div><\/div><div class='projects-item industrial-building col-md-4 col-xs-6'><div class='projects-item-wrap'><img loading=\"lazy\" decoding=\"async\" width=\"359\" height=\"283\" src=\"https:\/\/cotram.fr\/wp-content\/uploads\/2017\/02\/20161027_114004-359x283.jpg\" class=\"attachment-anps-portfolio size-anps-portfolio wp-post-image\" alt=\"\" \/><div class=\"project-hover\"><h3 class='project-title text-uppercase'>Distillerie JM<\/h3><p class='project-desc'>\u00c0 Macouba, un filtre plant\u00e9 de v\u00e9g\u00e9taux a \u00e9t\u00e9 install\u00e9 sur le site de la distillerie JM pour assurer le traitement des effluents ainsi que des boues produites par l\u2019activit\u00e9.<\/p><a class='btn btn-md' href='https:\/\/cotram.fr\/en\/portfolio\/2292\/'>Read more<\/a><\/div><a class='project-mobile-hover' href='https:\/\/cotram.fr\/en\/portfolio\/2292\/'><div class='project-mobile-title'>Distillerie JM<\/div><\/a><\/div><\/div><div class='projects-item industrial-building col-md-4 col-xs-6'><div class='projects-item-wrap'><img loading=\"lazy\" decoding=\"async\" width=\"359\" height=\"283\" src=\"https:\/\/cotram.fr\/wp-content\/uploads\/2017\/02\/BB-16-359x283.jpeg\" class=\"attachment-anps-portfolio size-anps-portfolio wp-post-image\" alt=\"\" \/><div class=\"project-hover\"><h3 class='project-title text-uppercase'>Albioma<\/h3><p class='project-desc'>Commune : Trinit\u00e9 Chantier : construction d\u2019une nouvelle unit\u00e9 de 34\u00a0MW\u00e9<\/p><a class='btn btn-md' href='https:\/\/cotram.fr\/en\/portfolio\/albioma\/'>Read more<\/a><\/div><a class='project-mobile-hover' href='https:\/\/cotram.fr\/en\/portfolio\/albioma\/'><div class='project-mobile-title'>Albioma<\/div><\/a><\/div><\/div><div class='projects-item public-building col-md-4 col-xs-6'><div class='projects-item-wrap'><img loading=\"lazy\" decoding=\"async\" width=\"359\" height=\"283\" src=\"https:\/\/cotram.fr\/wp-content\/uploads\/2016\/12\/MG_0947-Version-2-359x283.jpg\" class=\"attachment-anps-portfolio size-anps-portfolio wp-post-image\" alt=\"\" \/><div class=\"project-hover\"><h3 class='project-title text-uppercase'>M\u00e9diath\u00e8que<\/h3><p class='project-desc'>commune : Saint esprit chantier : construction de la nouvelle m\u00e9diath\u00e8que de la ville de Saint-Esprit.<\/p><a class='btn btn-md' href='https:\/\/cotram.fr\/en\/portfolio\/mediatheque\/'>Read more<\/a><\/div><a class='project-mobile-hover' href='https:\/\/cotram.fr\/en\/portfolio\/mediatheque\/'><div class='project-mobile-title'>M\u00e9diath\u00e8que<\/div><\/a><\/div><\/div><div class='projects-item public-building col-md-4 col-xs-6'><div class='projects-item-wrap'><img loading=\"lazy\" decoding=\"async\" width=\"359\" height=\"283\" src=\"https:\/\/cotram.fr\/wp-content\/uploads\/2016\/08\/IMG_1415-359x283.jpg\" class=\"attachment-anps-portfolio size-anps-portfolio wp-post-image\" alt=\"\" \/><div class=\"project-hover\"><h3 class='project-title text-uppercase'>SDIS<\/h3><p class='project-desc'>Commune : Fort de France Pr\u00e9sentation Chantier : Construction d\u2019un Parking Silo de 7 niveaux<\/p><a class='btn btn-md' href='https:\/\/cotram.fr\/en\/portfolio\/sdis\/'>Read more<\/a><\/div><a class='project-mobile-hover' href='https:\/\/cotram.fr\/en\/portfolio\/sdis\/'><div class='project-mobile-title'>SDIS<\/div><\/a><\/div><\/div><div class='projects-item public-building col-md-4 col-xs-6'><div class='projects-item-wrap'><img loading=\"lazy\" decoding=\"async\" width=\"359\" height=\"283\" src=\"https:\/\/cotram.fr\/wp-content\/uploads\/2016\/08\/MG_6876-359x283.jpg\" class=\"attachment-anps-portfolio size-anps-portfolio wp-post-image\" alt=\"\" \/><div class=\"project-hover\"><h3 class='project-title text-uppercase'>EPHAD OASIS<\/h3><p class='project-desc'>Commune : Fort de France Pr\u00e9sentation Chantier : Construction d\u2019un EHPAD<\/p><a class='btn btn-md' href='https:\/\/cotram.fr\/en\/portfolio\/ephad-oasis\/'>Read more<\/a><\/div><a class='project-mobile-hover' href='https:\/\/cotram.fr\/en\/portfolio\/ephad-oasis\/'><div class='project-mobile-title'>EPHAD OASIS<\/div><\/a><\/div><\/div><\/div><\/div>[\/vc_column][\/vc_row][vc_row][vc_column][vc_basic_grid post_type=&#8221;portfolio&#8221; max_items=&#8221;10&#8243; show_filter=&#8221;yes&#8221; filter_default_title=&#8221;Tous les projets&#8221; filter_align=&#8221;left&#8221; filter_size=&#8221;lg&#8221; item=&#8221;2466&#8243; grid_id=&#8221;vc_gid:1566248901091-0bdfd83a-45ae-1&#8243; taxonomies=&#8221;35, 34&#8243; filter_source=&#8221;portfolio_category&#8221; el_class=&#8221;custom-grid&#8221;][\/vc_column][\/vc_row]<\/p>\n<\/div>","protected":false},"excerpt":{"rendered":"<p>[vc_row disable_element=&#8221;yes&#8221;][vc_column][\/vc_column][\/vc_row][vc_row][vc_column][vc_basic_grid post_type=&#8221;portfolio&#8221; max_items=&#8221;10&#8243; show_filter=&#8221;yes&#8221; filter_default_title=&#8221;Tous les projets&#8221; filter_align=&#8221;left&#8221; filter_size=&#8221;lg&#8221; item=&#8221;2466&#8243; grid_id=&#8221;vc_gid:1566248901091-0bdfd83a-45ae-1&#8243; taxonomies=&#8221;35, 34&#8243; filter_source=&#8221;portfolio_category&#8221; el_class=&#8221;custom-grid&#8221;][\/vc_column][\/vc_row]<\/p>\n","protected":false},"author":1,"featured_media":0,"parent":2944,"menu_order":0,"comment_status":"closed","ping_status":"closed","template":"","meta":{"footnotes":""},"class_list":["post-2976","page","type-page","status-publish","hentry"],"_links":{"self":[{"href":"https:\/\/cotram.fr\/en\/wp-json\/wp\/v2\/pages\/2976","targetHints":{"allow":["GET"]}}],"collection":[{"href":"https:\/\/cotram.fr\/en\/wp-json\/wp\/v2\/pages"}],"about":[{"href":"https:\/\/cotram.fr\/en\/wp-json\/wp\/v2\/types\/page"}],"author":[{"embeddable":true,"href":"https:\/\/cotram.fr\/en\/wp-json\/wp\/v2\/users\/1"}],"replies":[{"embeddable":true,"href":"https:\/\/cotram.fr\/en\/wp-json\/wp\/v2\/comments?post=2976"}],"version-history":[{"count":0,"href":"https:\/\/cotram.fr\/en\/wp-json\/wp\/v2\/pages\/2976\/revisions"}],"up":[{"embeddable":true,"href":"https:\/\/cotram.fr\/en\/wp-json\/wp\/v2\/pages\/2944"}],"wp:attachment":[{"href":"https:\/\/cotram.fr\/en\/wp-json\/wp\/v2\/media?parent=2976"}],"curies":[{"name":"wp","href":"https:\/\/api.w.org\/{rel}","templated":true}]}}